{"id":39,"date":"2020-09-26T23:37:27","date_gmt":"2020-09-26T21:37:27","guid":{"rendered":"http:\/\/deutsch-schule-ditz.de\/?page_id=39"},"modified":"2022-02-01T03:41:41","modified_gmt":"2022-02-01T02:41:41","slug":"deutsch-schule-ditz","status":"publish","type":"page","link":"https:\/\/deutsch-schule-ditz.de\/?page_id=39","title":{"rendered":"Online-Unterricht"},"content":{"rendered":"\n<h2 class=\"wp-block-heading\" id=\"einzelunterricht\">Einzelunterricht<\/h2>\n\n\n\n<p>Am Schnellsten lernen Sie, wenn Sie mit einem Lehrer alleine Unterricht machen. Der Lehrer kann Ihre Fragen direkt beantworten und einen Lehrplan nach Ihren Bed\u00fcrfnissen erstellen. Eine Unterrichtseinheit (45 Minuten) als Video-Unterricht (mit BigBlueButton) kostet im Einzelunterricht 35,00 Euro.<\/p>\n\n\n\n<h2 class=\"wp-block-heading\" id=\"gruppenunterricht\">Gruppenunterricht<\/h2>\n\n\n\n<p>In der Gruppe lernt man manchmal leichter. Sie k\u00f6nnen sich gegenseitig helfen und von den Fragen der anderen lernen. Unser Gruppenunterricht besteht aus maximal <strong>8 Teilnehmern<\/strong> und kostet pro Unterrichtseinheit (45 Minuten) als Video-Unterricht nur 10,00 Euro.<\/p>\n\n\n\n<h2 class=\"wp-block-heading\" id=\"zusatzliche-ubungen\">Zus\u00e4tzliche \u00dcbungen<\/h2>\n\n\n\n<p>Sie melden Sich bei unserem Lern-Management-System (LMS) Moodle immer f\u00fcr eine oder mehrere Wochen an. Wenn Sie an einem Tag keinen Video-Unterricht haben, dann k\u00f6nnen Sie in Moodle trotzdem lernen. Sie l\u00f6sen Aufgaben, die Ihnen der Lehrer gestellt hat, machen einen Test oder schreiben einen Text. Ihr Lehrer wird diese Aufgaben korrigieren und Ihnen schreiben, wie sie es besser machen k\u00f6nnen.<\/p>\n\n\n\n<h2 class=\"wp-block-heading\" id=\"interesse\">Interesse?<\/h2>\n\n\n\n<p>Wollen sie bei uns Deutsch lernen? Dann registrieren Sie sich hier:<\/p>\n\n\n\n<div class=\"wp-block-buttons is-layout-flex wp-block-buttons-is-layout-flex\">\n<div class=\"wp-block-button\"><a class=\"wp-block-button__link\" href=\"https:\/\/deutsch-schule-ditz.de\/moodle\/login\/signup.php?\" target=\"_blank\" rel=\"noreferrer noopener\">zur Schule<\/a><\/div>\n<\/div>\n\n\n\n<p><\/p>\n","protected":false},"excerpt":{"rendered":"<p>Einzelunterricht Am Schnellsten lernen Sie, wenn Sie mit einem Lehrer alleine Unterricht machen. Der Lehrer kann Ihre Fragen direkt beantworten und einen Lehrplan nach Ihren Bed\u00fcrfnissen erstellen. Eine Unterrichtseinheit (45 Minuten) als Video-Unterricht (mit BigBlueButton) kostet im Einzelunterricht 35,00 Euro. Gruppenunterricht In der Gruppe lernt [&hellip;]<\/p>\n","protected":false},"author":1,"featured_media":301,"parent":344,"menu_order":0,"comment_status":"closed","ping_status":"closed","template":"","meta":{"footnotes":""},"class_list":["post-39","page","type-page","status-publish","has-post-thumbnail","hentry"],"jetpack_sharing_enabled":true,"_links":{"self":[{"href":"https:\/\/deutsch-schule-ditz.de\/index.php?rest_route=\/wp\/v2\/pages\/39","targetHints":{"allow":["GET"]}}],"collection":[{"href":"https:\/\/deutsch-schule-ditz.de\/index.php?rest_route=\/wp\/v2\/pages"}],"about":[{"href":"https:\/\/deutsch-schule-ditz.de\/index.php?rest_route=\/wp\/v2\/types\/page"}],"author":[{"embeddable":true,"href":"https:\/\/deutsch-schule-ditz.de\/index.php?rest_route=\/wp\/v2\/users\/1"}],"replies":[{"embeddable":true,"href":"https:\/\/deutsch-schule-ditz.de\/index.php?rest_route=%2Fwp%2Fv2%2Fcomments&post=39"}],"version-history":[{"count":19,"href":"https:\/\/deutsch-schule-ditz.de\/index.php?rest_route=\/wp\/v2\/pages\/39\/revisions"}],"predecessor-version":[{"id":389,"href":"https:\/\/deutsch-schule-ditz.de\/index.php?rest_route=\/wp\/v2\/pages\/39\/revisions\/389"}],"up":[{"embeddable":true,"href":"https:\/\/deutsch-schule-ditz.de\/index.php?rest_route=\/wp\/v2\/pages\/344"}],"wp:featuredmedia":[{"embeddable":true,"href":"https:\/\/deutsch-schule-ditz.de\/index.php?rest_route=\/wp\/v2\/media\/301"}],"wp:attachment":[{"href":"https:\/\/deutsch-schule-ditz.de\/index.php?rest_route=%2Fwp%2Fv2%2Fmedia&parent=39"}],"curies":[{"name":"wp","href":"https:\/\/api.w.org\/{rel}","templated":true}]}}